{"id":241272,"date":"2021-12-19T15:33:59","date_gmt":"2021-12-19T14:33:59","guid":{"rendered":"https:\/\/maestro-martino.ch\/geschichte-der-gastronomie\/martinos-revolution\/"},"modified":"2022-03-20T11:42:13","modified_gmt":"2022-03-20T10:42:13","slug":"martinos-revolution","status":"publish","type":"page","link":"https:\/\/maestro-martino.ch\/de\/geschichte-der-gastronomie\/martinos-revolution\/","title":{"rendered":"Martinos Revolution"},"content":{"rendered":"<p>[et_pb_section fb_built=&#8220;1&#8243; _builder_version=&#8220;4.14.7&#8243; _module_preset=&#8220;default&#8220; background_color=&#8220;#FFFFFF&#8220; custom_margin=&#8220;-3px|||||&#8220; custom_padding=&#8220;0px||124px|||&#8220; locked=&#8220;off&#8220; global_colors_info=&#8220;{}&#8220;][et_pb_row _builder_version=&#8220;4.14.7&#8243; _module_preset=&#8220;default&#8220; global_colors_info=&#8220;{}&#8220;][et_pb_column type=&#8220;4_4&#8243; _builder_version=&#8220;4.14.7&#8243; _module_preset=&#8220;default&#8220; global_colors_info=&#8220;{}&#8220;][et_pb_text module_id=&#8220;grumo&#8220; _builder_version=&#8220;4.14.7&#8243; _module_preset=&#8220;default&#8220; text_font=&#8220;|600|||||||&#8220; text_font_size=&#8220;20px&#8220; width=&#8220;100%&#8220; display_conditions=&#8220;W10=&#8220; animation_style=&#8220;fade&#8220; border_color_bottom=&#8220;gcid-10b7be18-07ed-480b-a0bd-43234abb2906&#8243; global_colors_info=&#8220;{%22gcid-10b7be18-07ed-480b-a0bd-43234abb2906%22:%91%22border_color_bottom%22%93}&#8220;]<\/p>\n<h2>Was Martino de Rubeis revolutioniert hat<\/h2>\n<p>[\/et_pb_text][et_pb_text module_id=&#8220;grumo&#8220; _builder_version=&#8220;4.14.7&#8243; _module_preset=&#8220;default&#8220; text_font=&#8220;|600|||||||&#8220; text_font_size=&#8220;20px&#8220; width=&#8220;40%&#8220; display_conditions=&#8220;W10=&#8220; custom_margin=&#8220;-30px||-30px||false|false&#8220; animation_style=&#8220;fade&#8220; border_width_top=&#8220;6px&#8220; border_color_top=&#8220;gcid-10b7be18-07ed-480b-a0bd-43234abb2906&#8243; border_color_bottom=&#8220;gcid-10b7be18-07ed-480b-a0bd-43234abb2906&#8243; global_colors_info=&#8220;{%22gcid-10b7be18-07ed-480b-a0bd-43234abb2906%22:%91%22border_color_bottom%22,%22border_color_top%22%93}&#8220;][\/et_pb_text][\/et_pb_column][\/et_pb_row][et_pb_row _builder_version=&#8220;4.14.2&#8243; _module_preset=&#8220;default&#8220; custom_padding=&#8220;14px|||||&#8220; global_colors_info=&#8220;{}&#8220;][et_pb_column type=&#8220;4_4&#8243; _builder_version=&#8220;4.14.2&#8243; _module_preset=&#8220;default&#8220; global_colors_info=&#8220;{}&#8220;][et_pb_text _builder_version=&#8220;4.14.7&#8243; _module_preset=&#8220;default&#8220; global_colors_info=&#8220;{}&#8220;]<\/p>\n<p>In seinem Manuskript richtet sich Maestro Martino an Nicht-Kochexperten, er beschr\u00e4nkt sich nicht auf Angaben in grunds\u00e4tzlicher Form zu Zutaten und Zubereitungsarten.<br \/>Stellen Sie den urspr\u00fcnglichen Geschmack von Rohstoffen wie Gem\u00fcse wieder her und vermeiden Sie den Missbrauch von Gew\u00fcrzen, wie es in der mittelalterlichen Tradition \u00fcblich war, als Gew\u00fcrze und ihre F\u00fclle den Reichtum und die Macht des Hausherrn symbolisierten.<\/p>\n<p>Es erweist sich als eigenst\u00e4ndig, weit entfernt von den \u00e4ltesten Kochb\u00fcchern, nicht nur im Stil, sondern auch in der Anordnung und Zusammenstellung der Rezepte. Wir finden daher viele \u00e4hnliche Gerichte in ihm, aber nie die gleichen Rezepte.<\/p>\n<p>[\/et_pb_text][\/et_pb_column][\/et_pb_row][et_pb_row column_structure=&#8220;3_5,2_5&#8243; _builder_version=&#8220;4.14.7&#8243; _module_preset=&#8220;default&#8220; global_colors_info=&#8220;{}&#8220;][et_pb_column type=&#8220;3_5&#8243; _builder_version=&#8220;4.14.7&#8243; _module_preset=&#8220;default&#8220; global_colors_info=&#8220;{}&#8220;][et_pb_text _builder_version=&#8220;4.14.7&#8243; _module_preset=&#8220;default&#8220; global_colors_info=&#8220;{}&#8220;]<\/p>\n<p>Er verwendet Begriffe wie <strong>verd\u00fcnnen<\/strong> , <strong>schlagen<\/strong> , <strong>hacken<\/strong> : delikate Operationen, die von der mittelalterlichen Gastronomie, die sich an <strong>Spie\u00df<\/strong> und <strong>Calderoni<\/strong> orientierte, nicht in Betracht gezogen wurden. Jetzt wissen wir, wie man r\u00fchrt und dreht, das hei\u00dft, wir wissen, dass Rhythmus Teil von Weisheit und Erfindung ist.<\/p>\n<p>[\/et_pb_text][et_pb_text _builder_version=&#8220;4.14.7&#8243; _module_preset=&#8220;default&#8220; global_colors_info=&#8220;{}&#8220;]<\/p>\n<p><strong>Gem\u00fcse<\/strong><br \/> Martino bringt das Gem\u00fcse auf den Tisch der Adligen, das als Nahrung f\u00fcr die Plebs gilt. An gro\u00dfe Mengen Fleisch gew\u00f6hnt, entdeckte der Adel mit dem Koch aus Blenio den Genuss von Gem\u00fcse. Martino f\u00f6rdert die Rehabilitierung von Ackerbohnen, Erbsen, Kichererbsen, K\u00fcrbissen, Kr\u00e4utern, Kohl, Holunderbl\u00fcten, Fenchel, Auberginen und mehr. Martino brachte Zwiebeln, Beete, Petersilie, Sellerie, Karotten aus den G\u00e4rten an die f\u00fcrstlichen Tafeln.<\/p>\n<p>[\/et_pb_text][et_pb_text _builder_version=&#8220;4.14.7&#8243; _module_preset=&#8220;default&#8220; global_colors_info=&#8220;{}&#8220;]<\/p>\n<p><strong>Die Ordnung in den K\u00fcchen<\/strong><br \/>Martino f\u00fchrt eine pr\u00e4zise und geordnete F\u00fchrung in den herzoglichen und adeligen K\u00fcchen ein.<br \/>Es stellt auch einige K\u00fcchenutensilien wie das Staubtuch (oder K\u00e4setuch) vor.<\/p>\n<p>[\/et_pb_text][\/et_pb_column][et_pb_column type=&#8220;2_5&#8243; _builder_version=&#8220;4.14.7&#8243; _module_preset=&#8220;default&#8220; global_colors_info=&#8220;{}&#8220;][et_pb_image src=&#8220;https:\/\/maestro-martino.ch\/wp-content\/uploads\/2021\/12\/Cotttura-Rinascimento.png&#8220; title_text=&#8220;Koch-Renaissance&#8220; _builder_version=&#8220;4.14.7&#8243; _module_preset=&#8220;default&#8220; global_colors_info=&#8220;{}&#8220;][\/et_pb_image][\/et_pb_column][\/et_pb_row][et_pb_row _builder_version=&#8220;4.14.7&#8243; _module_preset=&#8220;default&#8220; global_colors_info=&#8220;{}&#8220;][et_pb_column type=&#8220;4_4&#8243; _builder_version=&#8220;4.14.7&#8243; _module_preset=&#8220;default&#8220; global_colors_info=&#8220;{}&#8220;][\/et_pb_column][\/et_pb_row][\/et_pb_section][et_pb_section fb_built=&#8220;1&#8243; _builder_version=&#8220;4.14.7&#8243; _module_preset=&#8220;default&#8220; background_color=&#8220;#FFFFFF&#8220; custom_margin=&#8220;-3px|||||&#8220; custom_padding=&#8220;0px||100px|||&#8220; locked=&#8220;off&#8220; global_colors_info=&#8220;{}&#8220;][\/et_pb_section][et_pb_section fb_built=&#8220;1&#8243; _builder_version=&#8220;4.14.7&#8243; _module_preset=&#8220;default&#8220; background_color=&#8220;gcid-95f5ae71-1bfe-4808-a49c-98a108cd0443&#8243; background_image=&#8220;https:\/\/maestro-martino.ch\/wp-content\/uploads\/2022\/02\/Pagina5-DeHonesta.png&#8220; parallax=&#8220;on&#8220; parallax_method=&#8220;off&#8220; z_index=&#8220;9000000&#8243; custom_margin=&#8220;-100px||-100px||false|false&#8220; custom_padding=&#8220;100px||100px||false|false&#8220; custom_css_main_element=&#8220;transform: skew(0, 2.5deg);&#8220; locked=&#8220;off&#8220; global_colors_info=&#8220;{%22gcid-95f5ae71-1bfe-4808-a49c-98a108cd0443%22:%91%22background_color%22%93}&#8220;][\/et_pb_section][et_pb_section fb_built=&#8220;1&#8243; _builder_version=&#8220;4.14.7&#8243; _module_preset=&#8220;default&#8220; background_color=&#8220;#FFFFFF&#8220; custom_margin=&#8220;-3px|||||&#8220; custom_padding=&#8220;0px||100px|||&#8220; locked=&#8220;off&#8220; global_colors_info=&#8220;{}&#8220;][et_pb_row _builder_version=&#8220;4.14.2&#8243; _module_preset=&#8220;default&#8220; custom_padding=&#8220;99px|||||&#8220; global_colors_info=&#8220;{}&#8220;][et_pb_column type=&#8220;4_4&#8243; _builder_version=&#8220;4.14.2&#8243; _module_preset=&#8220;default&#8220; global_colors_info=&#8220;{}&#8220;][\/et_pb_column][\/et_pb_row][et_pb_row column_structure=&#8220;1_2,1_2&#8243; _builder_version=&#8220;4.14.2&#8243; _module_preset=&#8220;default&#8220; custom_padding=&#8220;49px|||||&#8220; global_colors_info=&#8220;{}&#8220;][et_pb_column type=&#8220;1_2&#8243; _builder_version=&#8220;4.14.2&#8243; _module_preset=&#8220;default&#8220; global_colors_info=&#8220;{}&#8220;][et_pb_text module_id=&#8220;rivoluzione&#8220; _builder_version=&#8220;4.14.7&#8243; _module_preset=&#8220;default&#8220; text_font=&#8220;|600|||||||&#8220; text_font_size=&#8220;20px&#8220; max_width=&#8220;90%&#8220; display_conditions=&#8220;W10=&#8220; animation_style=&#8220;fade&#8220; border_width_bottom=&#8220;6px&#8220; border_color_bottom=&#8220;gcid-10b7be18-07ed-480b-a0bd-43234abb2906&#8243; global_colors_info=&#8220;{%22gcid-10b7be18-07ed-480b-a0bd-43234abb2906%22:%91%22border_color_bottom%22%93}&#8220;]<\/p>\n<h2>Er schreibt Rezepte f\u00fcr alle<\/h2>\n<p>[\/et_pb_text][et_pb_text _builder_version=&#8220;4.14.7&#8243; _module_preset=&#8220;default&#8220; text_font=&#8220;|600|||||||&#8220; hover_enabled=&#8220;0&#8243; global_colors_info=&#8220;{}&#8220; sticky_enabled=&#8220;0&#8243;]<\/p>\n<p>Die erste Revolution ist das Kriterium f\u00fcr die Ausarbeitung der Rezepte, die die Geschicke der italienischen K\u00fcche beeinflussen: Vor ihm waren sie einfache Erinnerungen f\u00fcr K\u00f6che, die bereits wussten, was sie zu kochen hatten, Experten, die detaillierte Informationen lieferten, Peer-to-Peer <em>-Kochb\u00fccher<\/em> , w\u00fcrde man heute sagen.<\/p>\n<p><strong>Das Timing<\/strong><br \/> Zum Kochen gab es 1\/8 Stunde an, w\u00e4hrend es zum Beenden das Rezitieren von \u201e <em>uno o doi Pater Noster<\/em> \u201c oder ein Miserere anzeigte.<br \/><em>&#8222;das Blei[il] brodetto] mit dem chuchiaro so viel wie ich sagte doi paternostri &#8222;.<\/em><\/p>\n<p>Martino m\u00f6chte f\u00fcr alle verst\u00e4ndlich sein und verwendet eine Ma\u00dfeinheit, die allen bekannt ist: Gebete. Das hatte niemand gedacht und geschrieben.<\/p>\n<p><strong> <\/strong><\/p>\n<p>[\/et_pb_text][\/et_pb_column][et_pb_column type=&#8220;1_2&#8243; _builder_version=&#8220;4.14.2&#8243; _module_preset=&#8220;default&#8220; global_colors_info=&#8220;{}&#8220;][et_pb_text _builder_version=&#8220;4.14.4&#8243; _module_preset=&#8220;default&#8220; min_height=&#8220;50px&#8220; global_colors_info=&#8220;{}&#8220;][\/et_pb_text][et_pb_image src=&#8220;https:\/\/maestro-martino.ch\/wp-content\/uploads\/2021\/12\/Cucina-rinascimentale.png&#8220; title_text=&#8220;Renaissance-K\u00fcche&#8220; _builder_version=&#8220;4.14.4&#8243; _module_preset=&#8220;default&#8220; global_colors_info=&#8220;{}&#8220;][\/et_pb_image][\/et_pb_column][\/et_pb_row][\/et_pb_section][et_pb_section fb_built=&#8220;1&#8243; _builder_version=&#8220;4.14.7&#8243; _module_preset=&#8220;default&#8220; background_color=&#8220;gcid-95f5ae71-1bfe-4808-a49c-98a108cd0443&#8243; background_image=&#8220;https:\/\/maestro-martino.ch\/wp-content\/uploads\/2022\/02\/Pagina5-DeHonesta.png&#8220; parallax=&#8220;on&#8220; parallax_method=&#8220;off&#8220; z_index=&#8220;9000000&#8243; custom_margin=&#8220;-100px||-100px||false|false&#8220; custom_padding=&#8220;100px||100px||false|false&#8220; custom_css_main_element=&#8220;transform: skew(0, 2.5deg);&#8220; global_colors_info=&#8220;{%22gcid-95f5ae71-1bfe-4808-a49c-98a108cd0443%22:%91%22background_color%22%93}&#8220;][\/et_pb_section][et_pb_section fb_built=&#8220;1&#8243; _builder_version=&#8220;4.14.7&#8243; _module_preset=&#8220;default&#8220; background_color=&#8220;#FFFFFF&#8220; custom_margin=&#8220;-3px|||||&#8220; custom_padding=&#8220;0px||100px|||&#8220; locked=&#8220;off&#8220; global_colors_info=&#8220;{}&#8220;][et_pb_row _builder_version=&#8220;4.14.2&#8243; _module_preset=&#8220;default&#8220; custom_padding=&#8220;99px|||||&#8220; global_colors_info=&#8220;{}&#8220;][et_pb_column type=&#8220;4_4&#8243; _builder_version=&#8220;4.14.2&#8243; _module_preset=&#8220;default&#8220; global_colors_info=&#8220;{}&#8220;][\/et_pb_column][\/et_pb_row][et_pb_row column_structure=&#8220;1_2,1_2&#8243; _builder_version=&#8220;4.14.2&#8243; _module_preset=&#8220;default&#8220; custom_padding=&#8220;49px|||||&#8220; global_colors_info=&#8220;{}&#8220;][et_pb_column type=&#8220;1_2&#8243; _builder_version=&#8220;4.14.2&#8243; _module_preset=&#8220;default&#8220; global_colors_info=&#8220;{}&#8220;][et_pb_text module_id=&#8220;rivoluzione&#8220; _builder_version=&#8220;4.14.7&#8243; _module_preset=&#8220;default&#8220; text_font=&#8220;|600|||||||&#8220; text_font_size=&#8220;20px&#8220; max_width=&#8220;90%&#8220; display_conditions=&#8220;W10=&#8220; animation_style=&#8220;fade&#8220; border_width_bottom=&#8220;6px&#8220; border_color_bottom=&#8220;gcid-10b7be18-07ed-480b-a0bd-43234abb2906&#8243; global_colors_info=&#8220;{%22gcid-10b7be18-07ed-480b-a0bd-43234abb2906%22:%91%22border_color_bottom%22%93}&#8220;]<\/p>\n<h2>K\u00fcchenger\u00e4te &#8211; Stamegna<\/h2>\n<p>[\/et_pb_text][et_pb_text _builder_version=&#8220;4.14.7&#8243; _module_preset=&#8220;default&#8220; text_font=&#8220;|600|||||||&#8220; global_colors_info=&#8220;{}&#8220;]<\/p>\n<p>Ein heute noch verwendetes Hilfsmittel ist die Stamegna (oder Stamigna) oben rechts im Design, es gibt eine Stoffversion.<\/p>\n<p>Der kupferne und innen verzinnte, wurde verwendet, um Saucen grob zu filtern und vielleicht auch Gem\u00fcse, H\u00fclsenfr\u00fcchte und gekochtes und weiches Fleisch zu passieren, um eine Art P\u00fcree \/ Masse zu erhalten (zumindest glaube ich, dies verstanden zu haben, indem ich Passagen in einigen Rezepten gelesen habe). In der Beschreibung eines Rezepts, das ich auf der Italofilo-Website von Candida Martinelli gefunden habe, wird es auch verwendet, um einer in Br\u00fche servierten Pasta (wie Sp\u00e4tzli) eine bestimmte Form zu geben. Heute wird dieses Utensil nicht mehr verwendet, es gibt Seiher, das chinesische Seiher (f\u00fcr Saucen) und den Sp\u00e4tzli-Grill.<\/p>\n<p>Das aus Stoff (meist Leinen), wurde damals wie heute verwendet, um So\u00dfen, Suppen, Getreidemilch fein zu passieren (zu filtern) oder um ein feines P\u00fcree aus gekochtem Gem\u00fcse oder H\u00fclsenfr\u00fcchten sowie M\u00fcsli zu erhalten (als Martino in In der Beschreibung hei\u00dft es: <em>Mit Gewalt durch die Stamegna gehen<\/em> &#8230;).<\/p>\n<p>&nbsp;<\/p>\n<p>[\/et_pb_text][et_pb_text _builder_version=&#8220;4.14.4&#8243; _module_preset=&#8220;default&#8220; min_height=&#8220;50px&#8220; global_colors_info=&#8220;{}&#8220;][\/et_pb_text][\/et_pb_column][et_pb_column type=&#8220;1_2&#8243; _builder_version=&#8220;4.14.2&#8243; _module_preset=&#8220;default&#8220; global_colors_info=&#8220;{}&#8220;][et_pb_text _builder_version=&#8220;4.14.4&#8243; _module_preset=&#8220;default&#8220; min_height=&#8220;50px&#8220; global_colors_info=&#8220;{}&#8220;][\/et_pb_text][et_pb_image src=&#8220;https:\/\/maestro-martino.ch\/wp-content\/uploads\/2021\/12\/InstrumentiDiversi-Rinascim-1.png&#8220; alt=&#8220;K\u00fcchenutensilien aus dem Mittelalter und der Renaissance&#8220; title_text=&#8220;InstrumentsDifferent-Rinascim&#8220; _builder_version=&#8220;4.14.7&#8243; _module_preset=&#8220;default&#8220; global_colors_info=&#8220;{}&#8220;][\/et_pb_image][\/et_pb_column][\/et_pb_row][\/et_pb_section][et_pb_section fb_built=&#8220;1&#8243; _builder_version=&#8220;4.14.7&#8243; _module_preset=&#8220;default&#8220; background_color=&#8220;gcid-95f5ae71-1bfe-4808-a49c-98a108cd0443&#8243; background_image=&#8220;https:\/\/maestro-martino.ch\/wp-content\/uploads\/2022\/02\/Pagina5-DeHonesta.png&#8220; parallax=&#8220;on&#8220; parallax_method=&#8220;off&#8220; z_index=&#8220;9000000&#8243; custom_margin=&#8220;-100px||-100px||false|false&#8220; custom_padding=&#8220;100px||100px||false|false&#8220; custom_css_main_element=&#8220;transform: skew(0, 2.5deg);&#8220; global_colors_info=&#8220;{%22gcid-95f5ae71-1bfe-4808-a49c-98a108cd0443%22:%91%22background_color%22%93}&#8220;][\/et_pb_section]<\/p>\n","protected":false},"excerpt":{"rendered":"<p>Was Martino de Rubeis revolutioniert hatIn seinem Manuskript richtet sich Maestro Martino an Nicht-Kochexperten, er beschr\u00e4nkt sich nicht auf Angaben in grunds\u00e4tzlicher Form zu Zutaten und Zubereitungsarten.Stellen Sie den urspr\u00fcnglichen Geschmack von Rohstoffen wie Gem\u00fcse wieder her und vermeiden Sie den Missbrauch von Gew\u00fcrzen, wie es in der mittelalterlichen Tradition \u00fcblich war, als Gew\u00fcrze und [&hellip;]<\/p>\n","protected":false},"author":5,"featured_media":241129,"parent":241263,"menu_order":0,"comment_status":"closed","ping_status":"closed","template":"","meta":{"_et_pb_use_builder":"on","_et_pb_old_content":"","_et_gb_content_width":"","footnotes":""},"class_list":["post-241272","page","type-page","status-publish","has-post-thumbnail","hentry"],"_links":{"self":[{"href":"https:\/\/maestro-martino.ch\/de\/wp-json\/wp\/v2\/pages\/241272","targetHints":{"allow":["GET"]}}],"collection":[{"href":"https:\/\/maestro-martino.ch\/de\/wp-json\/wp\/v2\/pages"}],"about":[{"href":"https:\/\/maestro-martino.ch\/de\/wp-json\/wp\/v2\/types\/page"}],"author":[{"embeddable":true,"href":"https:\/\/maestro-martino.ch\/de\/wp-json\/wp\/v2\/users\/5"}],"replies":[{"embeddable":true,"href":"https:\/\/maestro-martino.ch\/de\/wp-json\/wp\/v2\/comments?post=241272"}],"version-history":[{"count":2,"href":"https:\/\/maestro-martino.ch\/de\/wp-json\/wp\/v2\/pages\/241272\/revisions"}],"predecessor-version":[{"id":241274,"href":"https:\/\/maestro-martino.ch\/de\/wp-json\/wp\/v2\/pages\/241272\/revisions\/241274"}],"up":[{"embeddable":true,"href":"https:\/\/maestro-martino.ch\/de\/wp-json\/wp\/v2\/pages\/241263"}],"wp:featuredmedia":[{"embeddable":true,"href":"https:\/\/maestro-martino.ch\/de\/wp-json\/wp\/v2\/media\/241129"}],"wp:attachment":[{"href":"https:\/\/maestro-martino.ch\/de\/wp-json\/wp\/v2\/media?parent=241272"}],"curies":[{"name":"wp","href":"https:\/\/api.w.org\/{rel}","templated":true}]}}