{"id":241260,"date":"2021-12-16T20:33:39","date_gmt":"2021-12-16T19:33:39","guid":{"rendered":"https:\/\/maestro-martino.ch\/die-laender-des-maestro-martino\/die-historischen-routen\/"},"modified":"2022-03-20T11:39:13","modified_gmt":"2022-03-20T10:39:13","slug":"die-historischen-routen","status":"publish","type":"page","link":"https:\/\/maestro-martino.ch\/de\/die-laender-des-maestro-martino\/die-historischen-routen\/","title":{"rendered":"Die historischen Routen"},"content":{"rendered":"<p>[et_pb_section fb_built=&#8220;1&#8243; _builder_version=&#8220;4.14.7&#8243; _module_preset=&#8220;default&#8220; background_color=&#8220;#FFFFFF&#8220; global_colors_info=&#8220;{}&#8220;][et_pb_row _builder_version=&#8220;4.14.4&#8243; _module_preset=&#8220;default&#8220; custom_padding=&#8220;||150px|||&#8220; global_colors_info=&#8220;{}&#8220;][et_pb_column type=&#8220;4_4&#8243; _builder_version=&#8220;4.14.4&#8243; _module_preset=&#8220;default&#8220; global_colors_info=&#8220;{}&#8220;][et_pb_text module_id=&#8220;grumo&#8220; _builder_version=&#8220;4.14.7&#8243; _module_preset=&#8220;default&#8220; text_font=&#8220;|600|||||||&#8220; text_font_size=&#8220;20px&#8220; width=&#8220;40%&#8220; display_conditions=&#8220;W10=&#8220; animation_style=&#8220;fade&#8220; hover_enabled=&#8220;0&#8243; border_width_bottom=&#8220;6px&#8220; border_color_bottom=&#8220;gcid-10b7be18-07ed-480b-a0bd-43234abb2906&#8243; global_colors_info=&#8220;{%22gcid-10b7be18-07ed-480b-a0bd-43234abb2906%22:%91%22border_color_bottom%22%93}&#8220; sticky_enabled=&#8220;0&#8243;]<\/p>\n<h2>Die Via Francisca del Lucomagno<\/h2>\n<p>[\/et_pb_text][et_pb_text _builder_version=&#8220;4.14.7&#8243; _module_preset=&#8220;default&#8220; text_font=&#8220;|600|||||||&#8220; text_line_height=&#8220;28px&#8220; hover_enabled=&#8220;0&#8243; global_colors_info=&#8220;{}&#8220; sticky_enabled=&#8220;0&#8243;]<\/p>\n<p>Sie erreichen das Land des Maestro Martino, das Bleniotal, indem Sie dem Lucomagno-Pass von Norden folgen und weiter nach Bellinzona in Richtung Pavia fahren<\/p>\n<p>Die <em><strong>Via Francisca del Lucomagno<\/strong><\/em> entwickelt sich entlang einer historisch dokumentierten antiken R\u00f6merstra\u00dfe, die die Stadt <strong>Costanza<\/strong> im Norden, am gleichnamigen <span style=\"color: #ffcc00;\"><a href=\"https:\/\/viaggi.corriere.it\/itinerari-e-luoghi\/lago-di-costanza-il-gran-tour-dei-golosi\/\" style=\"color: #ffcc00;\">See in Deutschland<\/a><\/span> , im S\u00fcden mit <strong>Pavia verband.<\/strong><\/p>\n<p>Ein Weg f\u00fcr Wanderer und Pilger aus <strong>Mitteleuropa,<\/strong> weil es die Reise von der Nordschweiz (Costanza) nach Pavia, wo die Via Francisca endet und dann mit der verbindet, stark verk\u00fcrzt <em>Via Francigena<\/em> , die nach Rom f\u00fchrt; die Francisca erm\u00f6glicht es Ihnen auch, Arles zu erreichen und von dort aus die <em>Weg von Santiago de Compostela<\/em> <strong>.<\/strong><\/p>\n<p>[\/et_pb_text][\/et_pb_column][\/et_pb_row][\/et_pb_section][et_pb_section fb_built=&#8220;1&#8243; _builder_version=&#8220;4.14.7&#8243; _module_preset=&#8220;default&#8220; background_color=&#8220;gcid-95f5ae71-1bfe-4808-a49c-98a108cd0443&#8243; background_image=&#8220;https:\/\/maestro-martino.ch\/wp-content\/uploads\/2022\/02\/Pertusio-Lucomagno.jpg&#8220; parallax=&#8220;on&#8220; parallax_method=&#8220;off&#8220; z_index=&#8220;9000000&#8243; custom_margin=&#8220;-100px||-100px||false|false&#8220; custom_padding=&#8220;100px||100px||false|false&#8220; custom_css_main_element=&#8220;transform: skew(0, 2.5deg);&#8220; global_colors_info=&#8220;{%22gcid-95f5ae71-1bfe-4808-a49c-98a108cd0443%22:%91%22background_color%22%93}&#8220;][et_pb_row _builder_version=&#8220;4.14.4&#8243; _module_preset=&#8220;default&#8220; global_colors_info=&#8220;{}&#8220;][et_pb_column type=&#8220;4_4&#8243; _builder_version=&#8220;4.14.4&#8243; _module_preset=&#8220;default&#8220; global_colors_info=&#8220;{}&#8220;][\/et_pb_column][\/et_pb_row][\/et_pb_section][et_pb_section fb_built=&#8220;1&#8243; _builder_version=&#8220;4.14.7&#8243; _module_preset=&#8220;default&#8220; background_color=&#8220;#FFFFFF&#8220; global_colors_info=&#8220;{}&#8220;][et_pb_row _builder_version=&#8220;4.14.4&#8243; _module_preset=&#8220;default&#8220; custom_padding=&#8220;150px|||||&#8220; global_colors_info=&#8220;{}&#8220;][et_pb_column type=&#8220;4_4&#8243; _builder_version=&#8220;4.14.4&#8243; _module_preset=&#8220;default&#8220; global_colors_info=&#8220;{}&#8220;][et_pb_text module_id=&#8220;grumo&#8220; _builder_version=&#8220;4.14.4&#8243; _module_preset=&#8220;default&#8220; text_font=&#8220;|600|||||||&#8220; text_font_size=&#8220;20px&#8220; width=&#8220;40%&#8220; display_conditions=&#8220;W10=&#8220; animation_style=&#8220;fade&#8220; border_width_bottom=&#8220;6px&#8220; border_color_bottom=&#8220;gcid-10b7be18-07ed-480b-a0bd-43234abb2906&#8243; global_colors_info=&#8220;{%22gcid-10b7be18-07ed-480b-a0bd-43234abb2906%22:%91%22border_color_bottom%22%93}&#8220;]<\/p>\n<h2>Die Reise in die Schweiz<\/h2>\n<p>[\/et_pb_text][et_pb_text _builder_version=&#8220;4.14.7&#8243; _module_preset=&#8220;default&#8220; text_font=&#8220;|600|||||||&#8220; text_line_height=&#8220;28px&#8220; global_colors_info=&#8220;{}&#8220;]<\/p>\n<p>Eine au\u00dfergew\u00f6hnliche Reiseroute, die noch heute mehrere interessante Etappen miteinander verbindet. Die sch\u00f6ne Stadt Konstanz und die liechtensteinische Hauptstadt Vaduz hinter sich lassend, betritt der Weg das Schweizer Territorium und ber\u00fchrt Chur, die Hauptstadt des Kantons Graub\u00fcnden, den Lukmanierpass (der niedrigste in diesem Alpengebiet, 1.915 m, zwischen den Kantonen Graub\u00fcnden und Tessin), Bellinzona und Monte Ceneri.<\/p>\n<p><strong>Die Via del Ceneri<\/strong><br \/> Eine Route, um zu entdecken, was der Pass seit Jahrhunderten darstellt. Scharnier zwischen Sopra und Sottoceneri, ein Durchgangsort f\u00fcr Kaufleute, Kaufleute und Pilger. In den W\u00e4ldern von Ceneri gab es das \u201eBrot der Armen\u201c, in seinen W\u00e4ldern entwickelte sich eine b\u00e4uerliche Zivilisation, die noch heute mit zahlreichen der Vergessenheit entr\u00fcckten Werken und Geb\u00e4uden ein Beispiel f\u00fcr nachhaltigen Umgang mit der Umwelt zeugt. Eine Gemeinschaft, gegr\u00fcndet auf dem Rhythmus der Jahreszeiten und auf Solidarit\u00e4t f\u00fcr ein gemeinsames Schicksal.<\/p>\n<p>&nbsp;<\/p>\n<p>[\/et_pb_text][\/et_pb_column][\/et_pb_row][et_pb_row column_structure=&#8220;1_3,1_3,1_3&#8243; _builder_version=&#8220;4.14.7&#8243; _module_preset=&#8220;default&#8220; global_colors_info=&#8220;{}&#8220;][et_pb_column type=&#8220;1_3&#8243; _builder_version=&#8220;4.14.7&#8243; _module_preset=&#8220;default&#8220; global_colors_info=&#8220;{}&#8220;][et_pb_button button_url=&#8220;https:\/\/www.cadenazzo.ch\/La-Via-del-Ceneri-e-Le-Terre-del-Ceneri-84dc2900?vis=2&#8243; url_new_window=&#8220;on&#8220; button_text=&#8220;Historische Stra\u00dfe von Montecenerino&#8220; button_alignment=&#8220;left&#8220; _builder_version=&#8220;4.14.7&#8243; _module_preset=&#8220;default&#8220; custom_button=&#8220;on&#8220; button_text_color=&#8220;gcid-10b7be18-07ed-480b-a0bd-43234abb2906&#8243; button_border_width=&#8220;3px&#8220; button_border_color=&#8220;gcid-10b7be18-07ed-480b-a0bd-43234abb2906&#8243; button_font=&#8220;|600|||||||&#8220; button_use_icon=&#8220;off&#8220; global_colors_info=&#8220;{%22gcid-10b7be18-07ed-480b-a0bd-43234abb2906%22:%91%22button_bg_color%22,%22button_text_color%22,%22button_bg_color__hover%22,%22button_border_color%22%93,%22gcid-f7e7942c-ce1f-4290-b075-871edbfdd8ee%22:%91%22button_text_color__hover%22%93}&#8220; button_bg_color__hover_enabled=&#8220;on|hover&#8220; button_text_color__hover_enabled=&#8220;on|desktop&#8220; button_text_color__hover=&#8220;#000000&#8243; button_border_width__hover_enabled=&#8220;on|desktop&#8220; button_border_width__hover=&#8220;3px&#8220; button_bg_color__hover=&#8220;#ffcc00&#8243; button_bg_enable_color__hover=&#8220;on&#8220; button_border_color__hover_enabled=&#8220;on|hover&#8220; button_border_color__hover=&#8220;#ffcc00&#8243;][\/et_pb_button][\/et_pb_column][et_pb_column type=&#8220;1_3&#8243; _builder_version=&#8220;4.14.7&#8243; _module_preset=&#8220;default&#8220; global_colors_info=&#8220;{}&#8220;][et_pb_button button_url=&#8220;https:\/\/laviadelceneri.ch\/&#8220; url_new_window=&#8220;on&#8220; button_text=&#8220;Die L\u00e4ndereien von Ceneri&#8220; button_alignment=&#8220;left&#8220; _builder_version=&#8220;4.14.7&#8243; _module_preset=&#8220;default&#8220; custom_button=&#8220;on&#8220; button_text_color=&#8220;gcid-10b7be18-07ed-480b-a0bd-43234abb2906&#8243; button_border_width=&#8220;3px&#8220; button_border_color=&#8220;gcid-10b7be18-07ed-480b-a0bd-43234abb2906&#8243; button_font=&#8220;|600|||||||&#8220; button_use_icon=&#8220;off&#8220; global_colors_info=&#8220;{%22gcid-10b7be18-07ed-480b-a0bd-43234abb2906%22:%91%22button_bg_color%22,%22button_text_color%22,%22button_bg_color__hover%22,%22button_border_color%22%93,%22gcid-f7e7942c-ce1f-4290-b075-871edbfdd8ee%22:%91%22button_text_color__hover%22%93}&#8220; button_bg_color__hover_enabled=&#8220;on|hover&#8220; button_text_color__hover_enabled=&#8220;on|desktop&#8220; button_text_color__hover=&#8220;#000000&#8243; button_border_width__hover_enabled=&#8220;on|desktop&#8220; button_border_width__hover=&#8220;3px&#8220; button_bg_color__hover=&#8220;#ffcc00&#8243; button_bg_enable_color__hover=&#8220;on&#8220; button_border_color__hover_enabled=&#8220;on|hover&#8220; button_border_color__hover=&#8220;#ffcc00&#8243;][\/et_pb_button][\/et_pb_column][et_pb_column type=&#8220;1_3&#8243; _builder_version=&#8220;4.14.7&#8243; _module_preset=&#8220;default&#8220; global_colors_info=&#8220;{}&#8220;][et_pb_button button_url=&#8220;https:\/\/www.laviafrancisca.org&#8220; url_new_window=&#8220;on&#8220; button_text=&#8220;Die Via Francisca del Lucomagno&#8220; button_alignment=&#8220;left&#8220; _builder_version=&#8220;4.14.7&#8243; _module_preset=&#8220;default&#8220; custom_button=&#8220;on&#8220; button_text_color=&#8220;gcid-10b7be18-07ed-480b-a0bd-43234abb2906&#8243; button_border_width=&#8220;3px&#8220; button_border_color=&#8220;gcid-10b7be18-07ed-480b-a0bd-43234abb2906&#8243; button_font=&#8220;|600|||||||&#8220; button_use_icon=&#8220;off&#8220; global_colors_info=&#8220;{%22gcid-10b7be18-07ed-480b-a0bd-43234abb2906%22:%91%22button_bg_color%22,%22button_text_color%22,%22button_bg_color__hover%22,%22button_border_color%22%93,%22gcid-f7e7942c-ce1f-4290-b075-871edbfdd8ee%22:%91%22button_text_color__hover%22%93}&#8220; button_bg_color__hover_enabled=&#8220;on|hover&#8220; button_text_color__hover_enabled=&#8220;on|desktop&#8220; button_text_color__hover=&#8220;#000000&#8243; button_border_width__hover_enabled=&#8220;on|desktop&#8220; button_border_width__hover=&#8220;3px&#8220; button_bg_color__hover=&#8220;#ffcc00&#8243; button_bg_enable_color__hover=&#8220;on&#8220; button_border_color__hover_enabled=&#8220;on|hover&#8220; button_border_color__hover=&#8220;#ffcc00&#8243;][\/et_pb_button][\/et_pb_column][\/et_pb_row][\/et_pb_section]<\/p>\n","protected":false},"excerpt":{"rendered":"<p>Die Via Francisca del LucomagnoSie erreichen das Land des Maestro Martino, das Bleniotal, indem Sie dem Lucomagno-Pass von Norden folgen und weiter nach Bellinzona in Richtung Pavia fahren Die Via Francisca del Lucomagno entwickelt sich entlang einer historisch dokumentierten antiken R\u00f6merstra\u00dfe, die die Stadt Costanza im Norden, am gleichnamigen See in Deutschland , im S\u00fcden [&hellip;]<\/p>\n","protected":false},"author":5,"featured_media":240661,"parent":241254,"menu_order":0,"comment_status":"closed","ping_status":"closed","template":"","meta":{"_et_pb_use_builder":"on","_et_pb_old_content":"","_et_gb_content_width":"","footnotes":""},"class_list":["post-241260","page","type-page","status-publish","has-post-thumbnail","hentry"],"_links":{"self":[{"href":"https:\/\/maestro-martino.ch\/de\/wp-json\/wp\/v2\/pages\/241260","targetHints":{"allow":["GET"]}}],"collection":[{"href":"https:\/\/maestro-martino.ch\/de\/wp-json\/wp\/v2\/pages"}],"about":[{"href":"https:\/\/maestro-martino.ch\/de\/wp-json\/wp\/v2\/types\/page"}],"author":[{"embeddable":true,"href":"https:\/\/maestro-martino.ch\/de\/wp-json\/wp\/v2\/users\/5"}],"replies":[{"embeddable":true,"href":"https:\/\/maestro-martino.ch\/de\/wp-json\/wp\/v2\/comments?post=241260"}],"version-history":[{"count":2,"href":"https:\/\/maestro-martino.ch\/de\/wp-json\/wp\/v2\/pages\/241260\/revisions"}],"predecessor-version":[{"id":241262,"href":"https:\/\/maestro-martino.ch\/de\/wp-json\/wp\/v2\/pages\/241260\/revisions\/241262"}],"up":[{"embeddable":true,"href":"https:\/\/maestro-martino.ch\/de\/wp-json\/wp\/v2\/pages\/241254"}],"wp:featuredmedia":[{"embeddable":true,"href":"https:\/\/maestro-martino.ch\/de\/wp-json\/wp\/v2\/media\/240661"}],"wp:attachment":[{"href":"https:\/\/maestro-martino.ch\/de\/wp-json\/wp\/v2\/media?parent=241260"}],"curies":[{"name":"wp","href":"https:\/\/api.w.org\/{rel}","templated":true}]}}