{"id":241247,"date":"2021-11-11T16:34:36","date_gmt":"2021-11-11T15:34:36","guid":{"rendered":"https:\/\/maestro-martino.ch\/maestro-martino\/"},"modified":"2022-03-20T11:29:17","modified_gmt":"2022-03-20T10:29:17","slug":"maestro-martino","status":"publish","type":"page","link":"https:\/\/maestro-martino.ch\/de\/maestro-martino\/","title":{"rendered":"MAESTRO MARTINO"},"content":{"rendered":"<p>[et_pb_section fb_built=&#8220;1&#8243; admin_label=&#8220;Coffee Menu&#8220; _builder_version=&#8220;4.14.2&#8243; background_enable_image=&#8220;off&#8220; custom_padding=&#8220;100px||100px|&#8220; global_colors_info=&#8220;{}&#8220;][et_pb_row _builder_version=&#8220;4.14.7&#8243; _module_preset=&#8220;default&#8220; global_colors_info=&#8220;{}&#8220;][et_pb_column type=&#8220;4_4&#8243; _builder_version=&#8220;4.14.7&#8243; _module_preset=&#8220;default&#8220; global_colors_info=&#8220;{}&#8220;][et_pb_text module_id=&#8220;grumo&#8220; _builder_version=&#8220;4.14.7&#8243; _module_preset=&#8220;default&#8220; text_font=&#8220;|600|||||||&#8220; text_font_size=&#8220;20px&#8220; width=&#8220;100%&#8220; display_conditions=&#8220;W10=&#8220; animation_style=&#8220;fade&#8220; border_color_bottom=&#8220;gcid-10b7be18-07ed-480b-a0bd-43234abb2906&#8243; global_colors_info=&#8220;{%22gcid-10b7be18-07ed-480b-a0bd-43234abb2906%22:%91%22border_color_bottom%22%93}&#8220;]<\/p>\n<h2>Die Geschichte von Maestro Martino<\/h2>\n<p>[\/et_pb_text][et_pb_text module_id=&#8220;grumo&#8220; _builder_version=&#8220;4.14.7&#8243; _module_preset=&#8220;default&#8220; text_font=&#8220;|600|||||||&#8220; text_font_size=&#8220;20px&#8220; width=&#8220;40%&#8220; display_conditions=&#8220;W10=&#8220; custom_margin=&#8220;-30px||||false|false&#8220; animation_style=&#8220;fade&#8220; border_width_top=&#8220;6px&#8220; border_color_top=&#8220;gcid-10b7be18-07ed-480b-a0bd-43234abb2906&#8243; border_color_bottom=&#8220;gcid-10b7be18-07ed-480b-a0bd-43234abb2906&#8243; global_colors_info=&#8220;{%22gcid-10b7be18-07ed-480b-a0bd-43234abb2906%22:%91%22border_color_bottom%22,%22border_color_top%22%93}&#8220;][\/et_pb_text][\/et_pb_column][\/et_pb_row][et_pb_row column_structure=&#8220;1_2,1_2&#8243; _builder_version=&#8220;4.14.2&#8243; _module_preset=&#8220;default&#8220; custom_padding=&#8220;||3px|||&#8220; global_colors_info=&#8220;{}&#8220;][et_pb_column type=&#8220;1_2&#8243; _builder_version=&#8220;4.14.2&#8243; _module_preset=&#8220;default&#8220; global_colors_info=&#8220;{}&#8220;][et_pb_text disabled_on=&#8220;off|off|off&#8220; admin_label=&#8220;Subtittle&#8220; _builder_version=&#8220;4.14.7&#8243; text_font=&#8220;|600|||||||&#8220; text_line_height=&#8220;1.8em&#8220; header_font=&#8220;Oswald||||&#8220; header_font_size=&#8220;16px&#8220; header_letter_spacing=&#8220;2px&#8220; text_orientation=&#8220;center&#8220; max_width=&#8220;600px&#8220; max_width_tablet=&#8220;&#8220; max_width_phone=&#8220;&#8220; max_width_last_edited=&#8220;on|phone&#8220; module_alignment=&#8220;center&#8220; custom_margin=&#8220;-30px|||&#8220; scroll_horizontal_motion=&#8220;50|73|73|100|4|0|-4&#8243; hover_enabled=&#8220;0&#8243; global_colors_info=&#8220;{}&#8220; sticky_enabled=&#8220;0&#8243;]<\/p>\n<p style=\"text-align: justify;\">Nur wenige kennen seinen richtigen Namen: <strong>Martino de Rubeis<\/strong> , auch bekannt als <strong>Martino de Rossi<\/strong> (Rubeis auf Latein = rot) oder <strong>Martino da Como<\/strong> (f\u00e4lschlicherweise).<br \/>Er wurde in Grumo, einem Weiler von Torre, heute ein Ortsteil von Blenio, einer Gemeinde im <a href=\"https:\/\/maestro-martino.ch\/le-terre-di-maestro-martino\/blenio-oggi\/\"><span style=\"color: #ffcc00;\">Bleniotal,<\/span> geboren.<\/a><\/p>\n<p style=\"text-align: justify;\">Er war einer der ber\u00fchmtesten K\u00f6che des 15. Jahrhunderts und sein Manuskript <strong><span style=\"color: #ffcc00;\"><a href=\"https:\/\/maestro-martino.ch\/storia-della-gastronomia\/\" style=\"color: #ffcc00;\"><em>Libro de Arte Coquinaria<\/em><\/a><\/span><\/strong> gilt als das erste Kochbuch, f\u00fcr das der Name des Autors bekannt ist.<br \/>Er hat entscheidend zur Definition des \u201eitalienischen\u201c Kochmodells beigetragen.<br \/>Dieses Manuskript-Kochbuch, das in zahlreichen Auflagen aktualisiert wurde, war bis Mitte des 16. Jahrhunderts in Umlauf.<\/p>\n<p style=\"text-align: justify;\">Er begann seine Karriere als Koch als Rektor des Hospizes (inzwischen verschwunden) in der Kirche San Martino Viduale in der Ortschaft Monastero di Corzoneso, dem heutigen Bezirk Acquarossa.<br \/>Das Hospiz war sehr wichtig f\u00fcr Reisende, die sich auf die lange Reise zwischen Nord- und S\u00fcdeuropa begaben, \u00fcber den Lucomagno-Pass (die Via <span style=\"color: #ffcc00;\"><a href=\"https:\/\/www.laviafrancisca.org\" target=\"_blank\" rel=\"noopener\" style=\"color: #ffcc00;\">Francisca del Lucomagno<\/a><\/span> ) oder die vom Nara-Pass (der ins Leventina-Tal und in den Urane f\u00fchrt) kamen landet).<\/p>\n<p>[\/et_pb_text][\/et_pb_column][et_pb_column type=&#8220;1_2&#8243; _builder_version=&#8220;4.14.2&#8243; _module_preset=&#8220;default&#8220; global_colors_info=&#8220;{}&#8220;][et_pb_image src=&#8220;https:\/\/maestro-martino.ch\/wp-content\/uploads\/2022\/02\/immagineMartinoBordo-scaled.jpg&#8220; alt=&#8220;Gem\u00e4lde: Massimiliano Sforza am Tisch, aus Liber Jessus, Biblioteca Trivulziana, Mailand&#8220; title_text=&#8220;Das einzige Bild von Maestro Martino&#8220; show_in_lightbox=&#8220;on&#8220; align=&#8220;center&#8220; _builder_version=&#8220;4.14.7&#8243; _module_preset=&#8220;default&#8220; scroll_horizontal_motion_enable=&#8220;on&#8220; scroll_horizontal_motion=&#8220;0|50|100|100|4|0|-4&#8243; motion_trigger_start=&#8220;top&#8220; global_colors_info=&#8220;{}&#8220;][\/et_pb_image][et_pb_text _builder_version=&#8220;4.14.7&#8243; _module_preset=&#8220;default&#8220; global_colors_info=&#8220;{}&#8220;]<\/p>\n<p><em>Gem\u00e4lde: Massimiliano Sforza am Tisch, von <strong>Liber Jessus<\/strong> , <span style=\"color: #ffcc00;\"><a href=\"https:\/\/trivulziana.milanocastello.it\" target=\"_blank\" rel=\"noopener\" style=\"color: #ffcc00;\">Biblioteca Trivulziana, Mailand<\/a><\/span> .<\/em><\/p>\n<p><em>Das einzige Bild, von dem wir die Figur des Maestro Martino ableiten k\u00f6nnen, der rechts in Rot gekleidet, in der Funktion des herzoglichen Kochs, den er am Sforza-Hof hatte.<\/em><\/p>\n<p><em><\/em><\/p>\n<p>[\/et_pb_text][\/et_pb_column][\/et_pb_row][et_pb_row admin_label=&#8220;Kaffeeartikel&#8220; _builder_version=&#8220;3.25&#8243; custom_margin=&#8220;|||&#8220; custom_padding=&#8220;39px|0px|60px|0px||&#8220; global_colors_info=&#8220;{}&#8220;][et_pb_column type=&#8220;4_4&#8243; _builder_version=&#8220;3.25&#8243; custom_padding=&#8220;|||&#8220; global_colors_info=&#8220;{}&#8220; custom_padding__hover=&#8220;|||&#8220;][et_pb_text disabled_on=&#8220;off|off|off&#8220; admin_label=&#8220;Subtittle&#8220; _builder_version=&#8220;4.14.7&#8243; text_font=&#8220;|600|||||||&#8220; text_line_height=&#8220;1.8em&#8220; header_font=&#8220;Oswald||||&#8220; header_font_size=&#8220;16px&#8220; header_letter_spacing=&#8220;2px&#8220; text_orientation=&#8220;center&#8220; max_width=&#8220;100%&#8220; max_width_last_edited=&#8220;off|desktop&#8220; module_alignment=&#8220;center&#8220; custom_margin=&#8220;-30px|||&#8220; hover_enabled=&#8220;0&#8243; global_colors_info=&#8220;{}&#8220; sticky_enabled=&#8220;0&#8243;]<\/p>\n<p style=\"text-align: justify;\">In den 1550er Jahren wurde er herzoglicher Koch der Familie Sforza, wahrscheinlich der Koch der Herzogin Bianca Maria Visconti, Ehefrau von Francesco Sforza, dem ersten Herzog von Mailand. Sp\u00e4ter wird er in Rom in den K\u00fcchen des Vatikans als pers\u00f6nlicher Koch des Patriarchen von Aquileia arbeiten. Aus dieser Zeit stammt seine Abfassung des Manuskripts <span style=\"color: #ffcc00;\"><a href=\"https:\/\/maestro-martino.ch\/storia-della-gastronomia\/il-manoscritto\/\" style=\"color: #ffcc00;\"><em>Libro De Arte Coquinaria<\/em><\/a><\/span> , verfasst zwischen 1450 und 1467: Es ist das erste handschriftliche Rezeptbuch, von dem der Verfasser und seine blenianische Herkunft (Bregno \/ Bregna) sowie seine Wirkungsweise am Sforza-Hof bekannt sind .<\/p>\n<p style=\"text-align: justify;\">Die bisherigen handschriftlichen Kochb\u00fccher werden praktisch immer anonymen Autoren zugeschrieben, wie Anonimo Toscano, Anonimo Veneziano, Anonimo Meridionale, &#8230;<\/p>\n<p style=\"text-align: justify;\">Dieses erste mit beweglichen Lettern gedruckte Rezeptbuch ist ein echter Eckpfeiler der europ\u00e4ischen Gastronomieliteratur. Dank dieser Arbeit ist Maestro Martino als \u201e <em>F\u00fcrst der K\u00f6che<\/em> \u201c in die Geschichte eingegangen, der von seinem Freund und Humanisten <span style=\"color: #ffcc00;\"><a href=\"https:\/\/maestro-martino.ch\/maestro-martino\/i-personaggi-chiave\/\" style=\"color: #ffcc00;\"><span style=\"color: #ffcc00;\">Bartolomeo<\/span> Sacchi<\/a><\/span> , bekannt <em>als Platina<\/em> , in seinem ber\u00fchmten <em>Werk De ehrlicha voluptade et valetudine<\/em> (\u201e <span style=\"color: #ffcc00;\"><a href=\"https:\/\/maestro-martino.ch\/storia-della-gastronomia\/de-honesta-voluptate-et-valetudine\/\" style=\"color: #ffcc00;\">Keusches Vergn\u00fcgen und Gesundheit<\/a><\/span> \u201c), Rom, definiert wurde , 1474). Ein kostbares Zeugnis, das den \u00dcbergang von der K\u00fcche des Sp\u00e4tmittelalters zur Renaissance veranschaulicht. Die Verbindung zwischen der K\u00fcche des Mittelalters und der Renaissance.<\/p>\n<p style=\"text-align: justify;\">Er wird der (private) Geheimkoch von <a href=\"https:\/\/maestro-martino.ch\/maestro-martino\/i-personaggi-chiave\/\">Papst Paul II<\/a> . und <a href=\"https:\/\/maestro-martino.ch\/maestro-martino\/i-personaggi-chiave\/\">Papst Sixtus IV<\/a> . und des Anf\u00fchrers <a href=\"https:\/\/maestro-martino.ch\/maestro-martino\/i-personaggi-chiave\/\">Gian Gacomo Trivulzio<\/a> .<\/p>\n<p>[\/et_pb_text][\/et_pb_column][\/et_pb_row][et_pb_row column_structure=&#8220;1_3,1_3,1_3&#8243; _builder_version=&#8220;4.14.4&#8243; _module_preset=&#8220;default&#8220; global_colors_info=&#8220;{}&#8220;][et_pb_column type=&#8220;1_3&#8243; _builder_version=&#8220;4.14.4&#8243; _module_preset=&#8220;default&#8220; global_colors_info=&#8220;{}&#8220;][dizo_image_hover image=&#8220;https:\/\/maestro-martino.ch\/wp-content\/uploads\/2021\/12\/ChiesettaSanMartinoViduale-1-scaled.jpg&#8220; image_alt=&#8220;Chiesetta San Martino Viduale&#8220; image_height_settings=&#8220;on&#8220; t_prefix=&#8220;Chiesetta San Martino Viduale&#8220; button_url_new_window=&#8220;1&#8243; content_valign=&#8220;on&#8220; overlay_bgcolor=&#8220;gcid-10b7be18-07ed-480b-a0bd-43234abb2906&#8243; module_link_url_new_window=&#8220;1&#8243; _builder_version=&#8220;4.14.4&#8243; _module_preset=&#8220;default&#8220; global_colors_info=&#8220;{%22gcid-10b7be18-07ed-480b-a0bd-43234abb2906%22:%91%22overlay_bgcolor%22,%22icon_color%22,%22overlay_bgcolor%22,%22icon_color%22%93}&#8220;][\/dizo_image_hover][\/et_pb_column][et_pb_column type=&#8220;1_3&#8243; _builder_version=&#8220;4.14.4&#8243; _module_preset=&#8220;default&#8220; global_colors_info=&#8220;{}&#8220;][dizo_image_hover image=&#8220;https:\/\/maestro-martino.ch\/wp-content\/uploads\/2021\/12\/Panorama-Valle-di-Blenio-scaled.jpg&#8220; image_alt=&#8220;Grumo nella Valle di Blenio.&#8220; image_height_settings=&#8220;on&#8220; t_prefix=&#8220;Grumo &#8211; Valle di Blenio&#8220; button_url_new_window=&#8220;1&#8243; content_valign=&#8220;on&#8220; overlay_bgcolor=&#8220;gcid-10b7be18-07ed-480b-a0bd-43234abb2906&#8243; module_link_url_new_window=&#8220;1&#8243; _builder_version=&#8220;4.14.7&#8243; _module_preset=&#8220;default&#8220; global_colors_info=&#8220;{%22gcid-10b7be18-07ed-480b-a0bd-43234abb2906%22:%91%22overlay_bgcolor%22,%22icon_color%22%93}&#8220;][\/dizo_image_hover][et_pb_button button_url=&#8220;https:\/\/maestro-martino.ch\/maestro-martino\/i-personaggi-chiave\/&#8220; button_text=&#8220;Die Schl\u00fcsselfiguren&#8220; button_alignment=&#8220;left&#8220; _builder_version=&#8220;4.14.7&#8243; _module_preset=&#8220;default&#8220; custom_button=&#8220;on&#8220; button_text_color=&#8220;gcid-10b7be18-07ed-480b-a0bd-43234abb2906&#8243; button_border_width=&#8220;3px&#8220; button_border_color=&#8220;gcid-10b7be18-07ed-480b-a0bd-43234abb2906&#8243; button_font=&#8220;|600|||||||&#8220; button_use_icon=&#8220;off&#8220; global_colors_info=&#8220;{%22gcid-10b7be18-07ed-480b-a0bd-43234abb2906%22:%91%22button_bg_color%22,%22button_text_color%22,%22button_bg_color__hover%22,%22button_border_color%22%93,%22gcid-f7e7942c-ce1f-4290-b075-871edbfdd8ee%22:%91%22button_text_color__hover%22%93}&#8220; button_bg_color__hover_enabled=&#8220;on|hover&#8220; button_text_color__hover_enabled=&#8220;on|desktop&#8220; button_text_color__hover=&#8220;#000000&#8243; button_border_width__hover_enabled=&#8220;on|desktop&#8220; button_border_width__hover=&#8220;3px&#8220; button_bg_color__hover=&#8220;#ffcc00&#8243; button_bg_enable_color__hover=&#8220;on&#8220; button_border_color__hover_enabled=&#8220;on|hover&#8220; button_border_color__hover=&#8220;#ffcc00&#8243;][\/et_pb_button][\/et_pb_column][et_pb_column type=&#8220;1_3&#8243; _builder_version=&#8220;4.14.4&#8243; _module_preset=&#8220;default&#8220; global_colors_info=&#8220;{}&#8220;][dizo_image_hover image=&#8220;https:\/\/maestro-martino.ch\/wp-content\/uploads\/2021\/12\/Grumo-Valle-di-Blenio-scaled.jpg&#8220; image_alt=&#8220;La frazione di Grumo, oggi comune di Blenio&#8220; image_height_settings=&#8220;on&#8220; t_prefix=&#8220;Grumo &#8211; Valle di Blenio&#8220; button_url_new_window=&#8220;1&#8243; content_valign=&#8220;on&#8220; title_background_bgcolor=&#8220;rgba(255,204,0,0.91)&#8220; text_background_bgcolor=&#8220;RGBA(255,255,255,0)&#8220; overlay_bgcolor=&#8220;gcid-10b7be18-07ed-480b-a0bd-43234abb2906&#8243; module_link_url_new_window=&#8220;1&#8243; _builder_version=&#8220;4.14.7&#8243; _module_preset=&#8220;default&#8220; global_colors_info=&#8220;{%22gcid-10b7be18-07ed-480b-a0bd-43234abb2906%22:%91%22overlay_bgcolor%22,%22icon_color%22,%22title_background_bgcolor%22%93}&#8220;][\/dizo_image_hover][\/et_pb_column][\/et_pb_row][\/et_pb_section]<\/p>\n","protected":false},"excerpt":{"rendered":"<p>Martino de Rubeis<\/p>\n","protected":false},"author":5,"featured_media":240661,"parent":0,"menu_order":0,"comment_status":"closed","ping_status":"closed","template":"","meta":{"_et_pb_use_builder":"on","_et_pb_old_content":"","_et_gb_content_width":"","footnotes":""},"class_list":["post-241247","page","type-page","status-publish","has-post-thumbnail","hentry"],"_links":{"self":[{"href":"https:\/\/maestro-martino.ch\/de\/wp-json\/wp\/v2\/pages\/241247","targetHints":{"allow":["GET"]}}],"collection":[{"href":"https:\/\/maestro-martino.ch\/de\/wp-json\/wp\/v2\/pages"}],"about":[{"href":"https:\/\/maestro-martino.ch\/de\/wp-json\/wp\/v2\/types\/page"}],"author":[{"embeddable":true,"href":"https:\/\/maestro-martino.ch\/de\/wp-json\/wp\/v2\/users\/5"}],"replies":[{"embeddable":true,"href":"https:\/\/maestro-martino.ch\/de\/wp-json\/wp\/v2\/comments?post=241247"}],"version-history":[{"count":2,"href":"https:\/\/maestro-martino.ch\/de\/wp-json\/wp\/v2\/pages\/241247\/revisions"}],"predecessor-version":[{"id":241249,"href":"https:\/\/maestro-martino.ch\/de\/wp-json\/wp\/v2\/pages\/241247\/revisions\/241249"}],"wp:featuredmedia":[{"embeddable":true,"href":"https:\/\/maestro-martino.ch\/de\/wp-json\/wp\/v2\/media\/240661"}],"wp:attachment":[{"href":"https:\/\/maestro-martino.ch\/de\/wp-json\/wp\/v2\/media?parent=241247"}],"curies":[{"name":"wp","href":"https:\/\/api.w.org\/{rel}","templated":true}]}}